{"id":5,"date":"2022-12-08T17:33:27","date_gmt":"2022-12-08T17:33:27","guid":{"rendered":"https:\/\/irsipr.azurewebsites.net\/fundraisers\/?page_id=5"},"modified":"2026-02-05T20:48:58","modified_gmt":"2026-02-05T20:48:58","slug":"seleccione-el-restaurante-para-su-actividad","status":"publish","type":"page","link":"https:\/\/irsipr.azurewebsites.net\/fundraisers\/seleccione-el-restaurante-para-su-actividad\/","title":{"rendered":"Seleccione el restaurante para su actividad:"},"content":{"rendered":"\n<figure class=\"wp-block-image aligncenter size-large is-resized\"><img loading=\"lazy\" decoding=\"async\" width=\"1024\" height=\"635\" src=\"\/wp-content\/uploads\/sites\/9\/2026\/02\/a4a3f205-0524-4dca-b68d-d37c942163a5-1024x635.png\" alt=\"\" class=\"wp-image-1617\" style=\"aspect-ratio:1.7777777777777777;object-fit:cover;width:402px;height:auto\" srcset=\"\/wp-content\/uploads\/sites\/9\/2026\/02\/a4a3f205-0524-4dca-b68d-d37c942163a5-1024x635.png 1024w, \/wp-content\/uploads\/sites\/9\/2026\/02\/a4a3f205-0524-4dca-b68d-d37c942163a5-300x186.png 300w, \/wp-content\/uploads\/sites\/9\/2026\/02\/a4a3f205-0524-4dca-b68d-d37c942163a5-768x476.png 768w, \/wp-content\/uploads\/sites\/9\/2026\/02\/a4a3f205-0524-4dca-b68d-d37c942163a5-1536x953.png 1536w, \/wp-content\/uploads\/sites\/9\/2026\/02\/a4a3f205-0524-4dca-b68d-d37c942163a5.png 1638w\" sizes=\"auto, (max-width: 1024px) 100vw, 1024px\" \/><\/figure>\n\n\n\n<h3 class=\"wp-block-heading has-text-align-center\">Al participar, su organizaci\u00f3n recibir\u00e1 una aportaci\u00f3n del 20% del subtotal de cada mesa que participe. *<\/h3>\n\n\n\n<h2 class=\"wp-block-heading has-text-align-center\"><strong>Seleccione el restaurante para su actividad:<\/strong><\/h2>\n\n\n\n<div class=\"wp-block-columns is-layout-flex wp-container-core-columns-is-layout-1 wp-block-columns-is-layout-flex\">\n<div class=\"wp-block-column is-layout-flow wp-block-column-is-layout-flow\">\n<ul class=\"wp-block-list\">\n<li><a href=\"https:\/\/irsipr.azurewebsites.net\/fundraisers\/chilis-aguadillan\/\" data-type=\"link\" data-id=\"https:\/\/irsipr.azurewebsites.net\/fundraisers\/chilis-aguadillan\/\">Aguadilla<\/a><\/li>\n\n\n\n<li><a href=\"https:\/\/irsipr.azurewebsites.net\/fundraisers\/chilis-barcelonetan\/\" data-type=\"link\" data-id=\"https:\/\/irsipr.azurewebsites.net\/fundraisers\/chilis-barcelonetan\/\">Barceloneta<\/a><\/li>\n\n\n\n<li><a href=\"https:\/\/irsipr.azurewebsites.net\/fundraisers\/chilis-los-filtrosn\" data-type=\"link\" data-id=\"https:\/\/irsipr.azurewebsites.net\/fundraisers\/chilis-los-filtrosn\">Bayam\u00f3n &#8211; Los Filtros<\/a><\/li>\n\n\n\n<li><a href=\"https:\/\/irsipr.azurewebsites.net\/fundraisers\/chilis-plaza-del-soln\/\" data-type=\"link\" data-id=\"https:\/\/irsipr.azurewebsites.net\/fundraisers\/chilis-plaza-del-soln\/\">Bayam\u00f3n &#8211; Plaza Del Sol<\/a><\/li>\n\n\n\n<li><a href=\"https:\/\/irsipr.azurewebsites.net\/fundraisers\/chilis-rio-hondon\/\" data-type=\"link\" data-id=\"https:\/\/irsipr.azurewebsites.net\/fundraisers\/chilis-rio-hondon\/\">Bayam\u00f3n &#8211; Plaza R\u00edo Hondo<\/a><\/li>\n\n\n\n<li><a href=\"https:\/\/irsipr.azurewebsites.net\/fundraisers\/chilis-rexvillen\/\" data-type=\"link\" data-id=\"https:\/\/irsipr.azurewebsites.net\/fundraisers\/chilis-rexvillen\/\">Bayam\u00f3n &#8211; Rexville Town Center<\/a><\/li>\n\n\n\n<li><a href=\"https:\/\/irsipr.azurewebsites.net\/fundraisers\/chilis-catalinasn\/\" data-type=\"link\" data-id=\"https:\/\/irsipr.azurewebsites.net\/fundraisers\/chilis-catalinasn\/\">Caguas &#8211; Las Catalinas<\/a><\/li>\n\n\n\n<li><a href=\"https:\/\/irsipr.azurewebsites.net\/fundraisers\/chilis-plaza-centron\/\" data-type=\"link\" data-id=\"https:\/\/irsipr.azurewebsites.net\/fundraisers\/chilis-plaza-centron\/\">Caguas &#8211; Plaza Centro<\/a><\/li>\n<\/ul>\n<\/div>\n\n\n\n<div class=\"wp-block-column is-layout-flow wp-block-column-is-layout-flow\">\n<ul class=\"wp-block-list\">\n<li><a href=\"https:\/\/irsipr.azurewebsites.net\/fundraisers\/chilis-colobosn\/\" data-type=\"link\" data-id=\"https:\/\/irsipr.azurewebsites.net\/fundraisers\/chilis-colobosn\/\">Carolina &#8211; Los Colobos<\/a><\/li>\n\n\n\n<li><a href=\"https:\/\/irsipr.azurewebsites.net\/fundraisers\/chilis-isla-verden\/\" data-type=\"link\" data-id=\"https:\/\/irsipr.azurewebsites.net\/fundraisers\/chilis-isla-verden\/\">Carolina &#8211; Isla Verde<\/a><\/li>\n\n\n\n<li><a href=\"https:\/\/irsipr.azurewebsites.net\/fundraisers\/chilis-plaza-carolinan\/\" data-type=\"link\" data-id=\"https:\/\/irsipr.azurewebsites.net\/fundraisers\/chilis-plaza-carolinan\/\">Carolina &#8211; Plaza Carolina<\/a><\/li>\n\n\n\n<li><a href=\"https:\/\/irsipr.azurewebsites.net\/fundraisers\/chilis-escorialn\/\" data-type=\"link\" data-id=\"https:\/\/irsipr.azurewebsites.net\/fundraisers\/chilis-escorialn\/\">Carolina &#8211; Plaza Escorial<\/a><\/li>\n\n\n\n<li><a href=\"https:\/\/irsipr.azurewebsites.net\/fundraisers\/chilis-cayeyn\/\" data-type=\"link\" data-id=\"https:\/\/irsipr.azurewebsites.net\/fundraisers\/chilis-cayeyn\/\">Cayey<\/a><\/li>\n\n\n\n<li><a href=\"https:\/\/irsipr.azurewebsites.net\/fundraisers\/chilis-doradon\/\" data-type=\"link\" data-id=\"https:\/\/irsipr.azurewebsites.net\/fundraisers\/chilis-doradon\/\">Dorado<\/a><\/li>\n\n\n\n<li><a href=\"https:\/\/irsipr.azurewebsites.net\/fundraisers\/chilis-plaza-guaynabon\/\" data-type=\"link\" data-id=\"https:\/\/irsipr.azurewebsites.net\/fundraisers\/chilis-plaza-guaynabon\/\">Guaynabo &#8211; Plaza Guaynabo<\/a><\/li>\n\n\n\n<li><a href=\"https:\/\/irsipr.azurewebsites.net\/fundraisers\/chilis-san-patricion\/\" data-type=\"link\" data-id=\"https:\/\/irsipr.azurewebsites.net\/fundraisers\/chilis-san-patricion\/\">Guaynabo &#8211; San Patricio Plaza<\/a><\/li>\n<\/ul>\n<\/div>\n\n\n\n<div class=\"wp-block-column is-layout-flow wp-block-column-is-layout-flow\">\n<ul class=\"wp-block-list\">\n<li><a href=\"https:\/\/irsipr.azurewebsites.net\/fundraisers\/new102\" data-type=\"link\" data-id=\"https:\/\/irsipr.azurewebsites.net\/fundraisers\/new102\">Hatillo<\/a><\/li>\n\n\n\n<li><a href=\"https:\/\/irsipr.azurewebsites.net\/fundraisers\/chilis-humacao\" data-type=\"link\" data-id=\"https:\/\/irsipr.azurewebsites.net\/fundraisers\/chilis-humacao\">Humacao<\/a><\/li>\n\n\n\n<li><a href=\"https:\/\/irsipr.azurewebsites.net\/fundraisers\/chilis-mayaguezn\/\" data-type=\"link\" data-id=\"https:\/\/irsipr.azurewebsites.net\/fundraisers\/chilis-mayaguezn\/\">Mayag\u00fcez<\/a><\/li>\n\n\n\n<li><a href=\"https:\/\/irsipr.azurewebsites.net\/fundraisers\/chilis-poncen\/\" data-type=\"link\" data-id=\"https:\/\/irsipr.azurewebsites.net\/fundraisers\/chilis-poncen\/\">Ponce<\/a><\/li>\n\n\n\n<li><a href=\"https:\/\/irsipr.azurewebsites.net\/fundraisers\/chilis-montehiedran\/\" data-type=\"link\" data-id=\"https:\/\/irsipr.azurewebsites.net\/fundraisers\/chilis-montehiedran\/\">San Juan &#8211; Montehiedra<\/a><\/li>\n\n\n\n<li><a href=\"https:\/\/irsipr.azurewebsites.net\/fundraisers\/chilis-plazan\/\" data-type=\"link\" data-id=\"https:\/\/irsipr.azurewebsites.net\/fundraisers\/chilis-plazan\/\">San Juan &#8211; Plaza Las Am\u00e9ricas<\/a><\/li>\n\n\n\n<li><a href=\"https:\/\/irsipr.azurewebsites.net\/fundraisers\/chilis-trujillo-alto-2\/\" data-type=\"link\" data-id=\"https:\/\/irsipr.azurewebsites.net\/fundraisers\/chilis-trujillo-alto-2\/\">Trujillo Alto<\/a><\/li>\n<\/ul>\n<\/div>\n<\/div>\n\n\n\n<p><em>*Sujeto a t\u00e9rminos y condiciones<\/em><\/p>\n","protected":false},"excerpt":{"rendered":"<p>Al participar, su organizaci\u00f3n recibir\u00e1 una aportaci\u00f3n del 20% del subtotal de cada mesa que participe. * Seleccione el restaurante para su actividad: *Sujeto a t\u00e9rminos y condiciones<\/p>\n","protected":false},"author":1,"featured_media":0,"parent":0,"menu_order":0,"comment_status":"closed","ping_status":"closed","template":"","meta":{"site-sidebar-layout":"default","site-content-layout":"","ast-site-content-layout":"default","site-content-style":"default","site-sidebar-style":"default","ast-global-header-display":"","ast-banner-title-visibility":"","ast-main-header-display":"","ast-hfb-above-header-display":"","ast-hfb-below-header-display":"","ast-hfb-mobile-header-display":"","site-post-title":"disabled","ast-breadcrumbs-content":"","ast-featured-img":"","footer-sml-layout":"","theme-transparent-header-meta":"","adv-header-id-meta":"","stick-header-meta":"","header-above-stick-meta":"","header-main-stick-meta":"","header-below-stick-meta":"","astra-migrate-meta-layouts":"set","ast-page-background-enabled":"default","ast-page-background-meta":{"desktop":{"background-color":"var(--ast-global-color-4)","background-image":"","background-repeat":"repeat","background-position":"center center","background-size":"auto","background-attachment":"scroll","background-type":"","background-media":"","overlay-type":"","overlay-color":"","overlay-opacity":"","overlay-gradient":""},"tablet":{"background-color":"","background-image":"","background-repeat":"repeat","background-position":"center center","background-size":"auto","background-attachment":"scroll","background-type":"","background-media":"","overlay-type":"","overlay-color":"","overlay-opacity":"","overlay-gradient":""},"mobile":{"background-color":"","background-image":"","background-repeat":"repeat","background-position":"center center","background-size":"auto","background-attachment":"scroll","background-type":"","background-media":"","overlay-type":"","overlay-color":"","overlay-opacity":"","overlay-gradient":""}},"ast-content-background-meta":{"desktop":{"background-color":"var(--ast-global-color-5)","background-image":"","background-repeat":"repeat","background-position":"center center","background-size":"auto","background-attachment":"scroll","background-type":"","background-media":"","overlay-type":"","overlay-color":"","overlay-opacity":"","overlay-gradient":""},"tablet":{"background-color":"var(--ast-global-color-5)","background-image":"","background-repeat":"repeat","background-position":"center center","background-size":"auto","background-attachment":"scroll","background-type":"","background-media":"","overlay-type":"","overlay-color":"","overlay-opacity":"","overlay-gradient":""},"mobile":{"background-color":"var(--ast-global-color-5)","background-image":"","background-repeat":"repeat","background-position":"center center","background-size":"auto","background-attachment":"scroll","background-type":"","background-media":"","overlay-type":"","overlay-color":"","overlay-opacity":"","overlay-gradient":""}},"footnotes":""},"class_list":["post-5","page","type-page","status-publish","hentry"],"_links":{"self":[{"href":"https:\/\/irsipr.azurewebsites.net\/fundraisers\/wp-json\/wp\/v2\/pages\/5","targetHints":{"allow":["GET"]}}],"collection":[{"href":"https:\/\/irsipr.azurewebsites.net\/fundraisers\/wp-json\/wp\/v2\/pages"}],"about":[{"href":"https:\/\/irsipr.azurewebsites.net\/fundraisers\/wp-json\/wp\/v2\/types\/page"}],"author":[{"embeddable":true,"href":"https:\/\/irsipr.azurewebsites.net\/fundraisers\/wp-json\/wp\/v2\/users\/1"}],"replies":[{"embeddable":true,"href":"https:\/\/irsipr.azurewebsites.net\/fundraisers\/wp-json\/wp\/v2\/comments?post=5"}],"version-history":[{"count":24,"href":"https:\/\/irsipr.azurewebsites.net\/fundraisers\/wp-json\/wp\/v2\/pages\/5\/revisions"}],"predecessor-version":[{"id":1618,"href":"https:\/\/irsipr.azurewebsites.net\/fundraisers\/wp-json\/wp\/v2\/pages\/5\/revisions\/1618"}],"wp:attachment":[{"href":"https:\/\/irsipr.azurewebsites.net\/fundraisers\/wp-json\/wp\/v2\/media?parent=5"}],"curies":[{"name":"wp","href":"https:\/\/api.w.org\/{rel}","templated":true}]}}