{"id":434,"date":"2024-12-03T15:22:38","date_gmt":"2024-12-03T15:22:38","guid":{"rendered":"https:\/\/irsipr.azurewebsites.net\/fundraisers\/?page_id=434"},"modified":"2024-12-12T16:23:54","modified_gmt":"2024-12-12T16:23:54","slug":"chilis-los-filtrosn","status":"publish","type":"page","link":"https:\/\/irsipr.azurewebsites.net\/fundraisers\/chilis-los-filtrosn\/","title":{"rendered":"Chili&#8217;s Los Filtros"},"content":{"rendered":"\n<h3 class=\"wp-block-heading\"><img decoding=\"async\" src=\"https:\/\/irsipr.azurewebsites.net\/wp-content\/uploads\/sites\/9\/2023\/01\/locicon-e1673452864622.png\" alt=\"\">&nbsp;Direcci\u00f3n<\/h3>\n\n\n\n<p>Av. Lomas Verdes, Bayam\u00f3n, 00959 | <a rel=\"noreferrer noopener\" href=\"https:\/\/goo.gl\/maps\/E8cWjQgFc2WRGLpM8\" target=\"_blank\">Ver direcciones<\/a> | <a href=\"tel:(787) 730-1009\">(787) 730-1009<\/a><\/p>\n\n\n<div class=\"frm_forms  with_frm_style frm_style_formidable-style\" id=\"frm_form_27_container\" data-token=\"9bd7c4154ff72c4ae5f1f9b1498d04dd\">\n<form enctype=\"multipart\/form-data\" method=\"post\" class=\"frm-show-form  frm_pro_form \" id=\"form_102a2322222222222222222232\" data-token=\"9bd7c4154ff72c4ae5f1f9b1498d04dd\">\n<div class=\"frm_form_fields \">\n<fieldset>\n<legend class=\"frm_screen_reader\">126<\/legend>\r\n\r\n<div class=\"frm_fields_container\">\n<input type=\"hidden\" name=\"frm_action\" value=\"create\" \/>\n<input type=\"hidden\" name=\"form_id\" value=\"27\" \/>\n<input type=\"hidden\" name=\"frm_hide_fields_27\" id=\"frm_hide_fields_27\" value=\"\" \/>\n<input type=\"hidden\" name=\"form_key\" value=\"102a2322222222222222222232\" \/>\n<input type=\"hidden\" name=\"item_meta[0]\" value=\"\" \/>\n<input type=\"hidden\" id=\"frm_submit_entry_27\" name=\"frm_submit_entry_27\" value=\"042d552ff8\" \/><input type=\"hidden\" name=\"_wp_http_referer\" value=\"\/fundraisers\/wp-json\/wp\/v2\/pages\/434\" \/><div id=\"frm_field_409_container\" class=\"frm_form_field form-field  frm_top_container ssa_appointment_form_field_container\">\r\n\t<label for=\"field_jacm133333333342\" id=\"field_jacm133333333342_label\" class=\"frm_primary_label\">Fecha\r\n\t\t<span class=\"frm_required\" aria-hidden=\"true\"><\/span>\r\n\t<\/label>\r\n\t<input type=\"hidden\" id=\"field_jacm133333333342\" name=\"item_meta[409]\" value=\"\"  data-invmsg=\"Fecha is invalid\" class=\"ssa_appointment_form_field_appointment_id\" aria-invalid=\"false\"  \/><iframe src=\"https:\/\/irsipr.azurewebsites.net\/fundraisers\/wp-json\/ssa\/v1\/embed-inner?integration=form&#038;type&#038;label&#038;types=28&#038;edit&#038;view&#038;payment_provider&#038;ssa_locale=en_US&#038;ssa_is_rtl&#038;sid=f0a8880094e10cdf9c27aa0693b3d1a3d024e449&#038;availability_start_date&#038;availability_end_date&#038;suggest_first_available&#038;suggest_first_available_within_minutes&#038;flow&#038;fallback_flow&#038;time_view&#038;date_view&#038;appointment_types_view=cardGrid&#038;version&#038;accent_color&#038;background&#038;padding=50px&#038;font&#038;booking_url=https%3A%2F%2Firsipr.azurewebsites.net%2Ffundraisers%2Fchilis-los-filtrosn%2F&#038;booking_post_id=434&#038;booking_title=Chili%26%238217%3Bs+Los+Filtros&#038;_wpnonce=85242b0cda&#038;redirect_post_id#\/integration\/form\/\" height=\"400px\" width=\"100%\" name=\"ssa_booking\" loading=\"eager\" frameborder=\"0\" data-skip-lazy=\"1\" class=\"ssa_booking_iframe skip-lazy\" title=\"Book a time\"><\/iframe>\r\n\t\r\n\t\r\n<\/div>\n<div id=\"frm_field_410_container\" class=\"frm_form_field form-field  frm_required_field frm_top_container frm4 frm_first\">\r\n\t<label for=\"field_nkeod333333333332\" id=\"field_nkeod333333333332_label\" class=\"frm_primary_label\">Name\r\n\t\t<span class=\"frm_required\" aria-hidden=\"true\">*<\/span>\r\n\t<\/label>\r\n\t<input type=\"text\" id=\"field_nkeod333333333332\" name=\"item_meta[410]\" value=\"\"  data-reqmsg=\"Name cannot be blank.\" aria-required=\"true\" data-invmsg=\"Name is invalid\" aria-invalid=\"false\"  \/>\r\n\t\r\n\t\r\n<\/div>\n<div id=\"frm_field_411_container\" class=\"frm_form_field form-field  frm_required_field frm_top_container frm4\">\r\n\t<label for=\"field_l1xvt333333333332\" id=\"field_l1xvt333333333332_label\" class=\"frm_primary_label\">Email\r\n\t\t<span class=\"frm_required\" aria-hidden=\"true\">*<\/span>\r\n\t<\/label>\r\n\t<input type=\"email\" id=\"field_l1xvt333333333332\" name=\"item_meta[411]\" value=\"\"  autocomplete=\"email\"  data-reqmsg=\"Email cannot be blank.\" aria-required=\"true\" data-invmsg=\"Email is invalid\" aria-invalid=\"false\"  \/>\r\n\t\r\n\t\r\n<\/div>\n<div id=\"frm_field_412_container\" class=\"frm_form_field form-field  frm_required_field frm_top_container frm4\">\r\n\t<label for=\"field_c63ux333333333332\" id=\"field_c63ux333333333332_label\" class=\"frm_primary_label\">Tel\u00e9fono:\r\n\t\t<span class=\"frm_required\" aria-hidden=\"true\">*<\/span>\r\n\t<\/label>\r\n\t<input type=\"tel\" id=\"field_c63ux333333333332\" name=\"item_meta[412]\" value=\"\"  data-reqmsg=\"Tel\u00e9fono: cannot be blank.\" aria-required=\"true\" data-invmsg=\"Tel\u00e9fono: is invalid\" aria-invalid=\"false\" pattern=\"((\\+\\d{1,3}(-|.| )?\\(?\\d\\)?(-| |.)?\\d{1,5})|(\\(?\\d{2,6}\\)?))(-|.| )?(\\d{3,4})(-|.| )?(\\d{4})(( x| ext)\\d{1,5}){0,1}$\"  \/>\r\n\t\r\n\t\r\n<\/div>\n<div id=\"frm_field_413_container\" class=\"frm_form_field form-field  frm_required_field frm_top_container frm_first frm_third\">\r\n\t<label for=\"field_4x2f9333333333332\" id=\"field_4x2f9333333333332_label\" class=\"frm_primary_label\">Nombre de la entidad\/Organizaci\u00f3n\r\n\t\t<span class=\"frm_required\" aria-hidden=\"true\">*<\/span>\r\n\t<\/label>\r\n\t<input type=\"text\" id=\"field_4x2f9333333333332\" name=\"item_meta[413]\" value=\"\"  data-reqmsg=\"Nombre de la entidad\/Organizaci\u00f3n cannot be blank.\" aria-required=\"true\" data-invmsg=\"Nombre de la entidad\/Organizaci\u00f3n is invalid\" aria-invalid=\"false\"  \/>\r\n\t\r\n\t\r\n<\/div>\n<div id=\"frm_field_414_container\" class=\"frm_form_field form-field  frm_required_field frm_top_container frm_third\">\r\n\t<label for=\"field_iakid333333333332\" id=\"field_iakid333333333332_label\" class=\"frm_primary_label\">\u00bfA nombre de que entidad ser\u00e1 el cheque?\r\n\t\t<span class=\"frm_required\" aria-hidden=\"true\">*<\/span>\r\n\t<\/label>\r\n\t<input type=\"text\" id=\"field_iakid333333333332\" name=\"item_meta[414]\" value=\"\"  data-reqmsg=\"\u00bfA nombre de que entidad ser\u00e1 el cheque? cannot be blank.\" aria-required=\"true\" data-invmsg=\"\u00bfA nombre de que entidad ser\u00e1 el cheque? is invalid\" aria-invalid=\"false\"  \/>\r\n\t\r\n\t\r\n<\/div>\n<div id=\"frm_field_415_container\" class=\"frm_form_field form-field  frm_required_field frm_top_container frm4 frm_first\">\r\n\t<label for=\"field_4p886333333333332\" id=\"field_4p886333333333332_label\" class=\"frm_primary_label\">Direcci\u00f3n Postal: (a donde se enviar\u00e1 el cheque)\r\n\t\t<span class=\"frm_required\" aria-hidden=\"true\">*<\/span>\r\n\t<\/label>\r\n\t<input type=\"text\" id=\"field_4p886333333333332\" name=\"item_meta[415]\" value=\"\"  data-reqmsg=\"Direcci\u00f3n Postal: (a donde se enviar\u00e1 el cheque) cannot be blank.\" aria-required=\"true\" data-invmsg=\"Direcci\u00f3n Postal: (a donde se enviar\u00e1 el cheque) is invalid\" aria-invalid=\"false\"  \/>\r\n\t\r\n\t\r\n<\/div>\n<div id=\"frm_field_416_container\" class=\"frm_form_field form-field  frm_required_field frm_top_container frm4\">\r\n\t<label for=\"field_yytfp333333333332\" id=\"field_yytfp333333333332_label\" class=\"frm_primary_label\">Ciudad\/Pueblo\r\n\t\t<span class=\"frm_required\" aria-hidden=\"true\">*<\/span>\r\n\t<\/label>\r\n\t<input type=\"text\" id=\"field_yytfp333333333332\" name=\"item_meta[416]\" value=\"\"  data-reqmsg=\"Ciudad\/Pueblo cannot be blank.\" aria-required=\"true\" data-invmsg=\"Ciudad\/Pueblo is invalid\" aria-invalid=\"false\"  \/>\r\n\t\r\n\t\r\n<\/div>\n<div id=\"frm_field_417_container\" class=\"frm_form_field form-field  frm_required_field frm_top_container frm4\">\r\n\t<label for=\"field_ynoe333333333332\" id=\"field_ynoe333333333332_label\" class=\"frm_primary_label\">C\u00f3digo Postal:\r\n\t\t<span class=\"frm_required\" aria-hidden=\"true\">*<\/span>\r\n\t<\/label>\r\n\t<input type=\"text\" id=\"field_ynoe333333333332\" name=\"item_meta[417]\" value=\"\"  data-reqmsg=\"C\u00f3digo Postal: cannot be blank.\" aria-required=\"true\" data-invmsg=\"C\u00f3digo Postal: is invalid\" aria-invalid=\"false\"  \/>\r\n\t\r\n\t\r\n<\/div>\n<div id=\"frm_field_418_container\" class=\"frm_form_field form-field  frm_required_field frm_top_container frm_first frm_third\">\r\n\t<label for=\"field_p2ncg333333333332\" id=\"field_p2ncg333333333332_label\" class=\"frm_primary_label\">Persona Contacto:\r\n\t\t<span class=\"frm_required\" aria-hidden=\"true\">*<\/span>\r\n\t<\/label>\r\n\t<input type=\"text\" id=\"field_p2ncg333333333332\" name=\"item_meta[418]\" value=\"\"  data-reqmsg=\"Persona Contacto: cannot be blank.\" aria-required=\"true\" data-invmsg=\"Persona Contacto: is invalid\" aria-invalid=\"false\"  \/>\r\n\t\r\n\t\r\n<\/div>\n<div id=\"frm_field_419_container\" class=\"frm_form_field form-field  frm_required_field frm_top_container frm_third\">\r\n\t<label for=\"field_x84q6333333333332\" id=\"field_x84q6333333333332_label\" class=\"frm_primary_label\">Raz\u00f3n para recaudar fondos:\r\n\t\t<span class=\"frm_required\" aria-hidden=\"true\">*<\/span>\r\n\t<\/label>\r\n\t<input type=\"text\" id=\"field_x84q6333333333332\" name=\"item_meta[419]\" value=\"\"  data-reqmsg=\"Raz\u00f3n para recaudar fondos: cannot be blank.\" aria-required=\"true\" data-invmsg=\"Raz\u00f3n para recaudar fondos: is invalid\" aria-invalid=\"false\"  \/>\r\n\t\r\n\t\r\n<\/div>\n<div id=\"frm_field_420_container\" class=\"frm_form_field form-field  frm_required_field frm_top_container\">\r\n\t<label for=\"field_7ufey333333333332\" id=\"field_7ufey333333333332_label\" class=\"frm_primary_label\">Documento para validaci\u00f3n.\r\n\t\t<span class=\"frm_required\" aria-hidden=\"true\">*<\/span>\r\n\t<\/label>\r\n\t\t\t<select name=\"item_meta[420]\" id=\"field_7ufey333333333332\"  data-frmval=\"Forma W9\" data-reqmsg=\"Documento para validaci\u00f3n. cannot be blank.\" aria-required=\"true\" data-invmsg=\"Documento para validaci\u00f3n. is invalid\" aria-invalid=\"false\"  >\n\t\t<option  value=\"Forma W9\" selected='selected'>Forma W9<\/option><option  value=\"Certificaci\u00f3n de vigencia de exenci\u00f3n contributiva de entidad sin fines de lucro. (SC-4203)\">Certificaci\u00f3n de vigencia de exenci\u00f3n contributiva de entidad sin fines de lucro. (SC-4203)<\/option>\t<\/select>\n\t\r\n\t\r\n\t\r\n<\/div>\n<div id=\"frm_field_421_container\" class=\"frm_form_field form-field  frm_required_field frm_top_container frm12 frm_first\">\r\n\t<label for=\"field_75h08333333333332\" id=\"field_75h08333333333332_label\" class=\"frm_primary_label\">File Upload\r\n\t\t<span class=\"frm_required\" aria-hidden=\"true\">*<\/span>\r\n\t<\/label>\r\n\t<input type=\"hidden\"  data-reqmsg=\"File Upload cannot be blank.\" data-invmsg=\"File Upload is invalid\" class=\"auto_width\" aria-invalid=\"false\"   name=\"item_meta[421]\"  data-reqmsg=\"File Upload cannot be blank.\"  value=\"\" data-frmfile=\"421\" \/>\n\n<div class=\"frm_dropzone frm_single_upload frm_clearfix\" id=\"file421_dropzone\" role=\"group\" >\n\t<div class=\"fallback\">\n\t\t<input type=\"file\" name=\"file421\" id=\"field_75h08333333333332\"\n\t\t\t data-reqmsg=\"File Upload cannot be blank.\" data-invmsg=\"File Upload is invalid\" class=\"auto_width\" aria-invalid=\"false\"  \t\t\t\/>\n\t\t\t\t<div class=\"frm_clearfix \"><\/div>\n\t<\/div>\n\t<div class=\"dz-message needsclick\">\n\t\t\t\t<svg  viewBox=\"0 0 18 18\" class=\"frmsvg frm-svg-icon\">\n\t<path viewBox=\"0 0 18 18\" fill-rule=\"evenodd\" clip-rule=\"evenodd\" d=\"M8.2 4v8a.8.8 0 001.5 0V4l2.1 2.2A.7.7 0 1013 5L9.5 1.7a.7.7 0 00-1.1 0L5.1 5.2a.8.8 0 001 1l2.1-2zm7.6 4.3c.4 0 .7.3.7.7v6.8c0 .4-.3.7-.8.7H2.3a.8.8 0 01-.8-.8V9A.8.8 0 013 9v6h12V9c0-.4.3-.8.8-.8z\"><\/path>\n<\/svg>\t\t<span class=\"frm_upload_text\"><button type=\"button\" aria-label=\"File Upload. Drop a file here or click to upload. Maximum file size: 5MB\">Drop a file here or click to upload<\/button><\/span>\n\t\t<span class=\"frm_compact_text\"><button type=\"button\" aria-label=\"File Upload. Choose File. Maximum file size: 5MB\">Choose File<\/button><\/span>\n\t\t<div class=\"frm_small_text\">\n\t\t\t<p>Maximum file size: 5MB<\/p>\n\t\t<\/div>\n\t<\/div>\n<\/div>\n\t\r\n\t\r\n\t\r\n<\/div>\n<div id=\"frm_field_422_container\" class=\"frm_form_field  frm_html_container form-field\"><a href=\"http:\/\/irsipr.azurewebsites.net\/fundraisers\/wp-content\/uploads\/sites\/9\/2024\/11\/fw9.pdf\" target=\"_blank\" rel=\"noopener\">Para obtener la forma w9 favor de oprimir aqu\u00ed.<\/a><\/div>\n<div id=\"frm_field_423_container\" class=\"frm_form_field  frm_html_container form-field\">\n<p>\u00a0<\/p>\n<p><a href=\"https:\/\/irsipr.com\/fundraisers-terminos-y-condiciones-chilis\/\" target=\"_blank\" rel=\"noopener\">Favor de leer los siguientes t\u00e9rminos y condiciones. (abrir\u00e1 en una pesta\u00f1a nueva)<\/a><\/p>\n<div class=\"w3-example\">\u00a0<\/div>\n<\/div>\n<div id=\"frm_field_424_container\" class=\"frm_form_field form-field  frm_required_field frm_top_container vertical_radio\">\r\n\t<div  id=\"field_h4p1d333333333332_label\" class=\"frm_primary_label\">Aceptaci\u00f3n de T\u00e9rminos y Condiciones\r\n\t\t<span class=\"frm_required\" aria-hidden=\"true\">*<\/span>\r\n\t<\/div>\r\n\t<div class=\"frm_opt_container\" aria-labelledby=\"field_h4p1d333333333332_label\" role=\"group\">\t\t<div class=\"frm_checkbox\" id=\"frm_checkbox_424-0\">\t\t\t<label  for=\"field_h4p1d333333333332-0\">\n\t\t\t<input type=\"checkbox\" name=\"item_meta[424][]\" id=\"field_h4p1d333333333332-0\" value=\"He le\u00eddo y acepto los t\u00e9rminos y condiciones.\"  data-reqmsg=\"Aceptaci\u00f3n de T\u00e9rminos y Condiciones cannot be blank.\" data-invmsg=\"Aceptaci\u00f3n de T\u00e9rminos y Condiciones is invalid\" aria-invalid=\"false\"   aria-required=\"true\"  \/> He le\u00eddo y acepto los t\u00e9rminos y condiciones.<\/label><\/div>\n<\/div>\r\n\t\r\n\t\r\n<\/div>\n<div id=\"frm_field_425_container\" class=\"frm_form_field form-field \">\r\n\t<div class=\"frm_submit frm_flex\">\r\n<button class=\"frm_button_submit frm_final_submit\" type=\"submit\"   formnovalidate=\"formnovalidate\">Enviar<\/button>\r\n\r\n\r\n\r\n<\/div>\r\n<\/div>\n\t<input type=\"hidden\" name=\"item_key\" value=\"\" \/>\n\t\t\t\t<div class=\"frm__6734eb0a8763f\">\n\t\t\t\t<label for=\"frm_email_27\" >\n\t\t\t\t\tIf you are human, leave this field blank.\t\t\t\t<\/label>\n\t\t\t\t<input  id=\"frm_email_27\" type=\"text\" class=\"frm_verify\" name=\"frm__6734eb0a8763f\" value=\"\" autocomplete=\"off\"  \/>\n\t\t\t<\/div>\n\t\t<input name=\"frm_state\" type=\"hidden\" value=\"FOy0l+3ElipW1bj4BfHvj688UXiir4LBCjDT4o6fQcQ=\" \/><\/div>\n<\/fieldset>\n<\/div>\n\n<\/form>\n<\/div>\n","protected":false},"excerpt":{"rendered":"<p>&nbsp;Direcci\u00f3n Av. Lomas Verdes, Bayam\u00f3n, 00959 | Ver direcciones | (787) 730-1009<\/p>\n","protected":false},"author":1,"featured_media":0,"parent":0,"menu_order":0,"comment_status":"closed","ping_status":"closed","template":"","meta":{"site-sidebar-layout":"default","site-content-layout":"","ast-site-content-layout":"default","site-content-style":"default","site-sidebar-style":"default","ast-global-header-display":"","ast-banner-title-visibility":"","ast-main-header-display":"","ast-hfb-above-header-display":"","ast-hfb-below-header-display":"","ast-hfb-mobile-header-display":"","site-post-title":"","ast-breadcrumbs-content":"","ast-featured-img":"","footer-sml-layout":"","theme-transparent-header-meta":"","adv-header-id-meta":"","stick-header-meta":"","header-above-stick-meta":"","header-main-stick-meta":"","header-below-stick-meta":"","astra-migrate-meta-layouts":"set","ast-page-background-enabled":"default","ast-page-background-meta":{"desktop":{"background-color":"var(--ast-global-color-4)","background-image":"","background-repeat":"repeat","background-position":"center center","background-size":"auto","background-attachment":"scroll","background-type":"","background-media":"","overlay-type":"","overlay-color":"","overlay-opacity":"","overlay-gradient":""},"tablet":{"background-color":"","background-image":"","background-repeat":"repeat","background-position":"center center","background-size":"auto","background-attachment":"scroll","background-type":"","background-media":"","overlay-type":"","overlay-color":"","overlay-opacity":"","overlay-gradient":""},"mobile":{"background-color":"","background-image":"","background-repeat":"repeat","background-position":"center center","background-size":"auto","background-attachment":"scroll","background-type":"","background-media":"","overlay-type":"","overlay-color":"","overlay-opacity":"","overlay-gradient":""}},"ast-content-background-meta":{"desktop":{"background-color":"var(--ast-global-color-5)","background-image":"","background-repeat":"repeat","background-position":"center center","background-size":"auto","background-attachment":"scroll","background-type":"","background-media":"","overlay-type":"","overlay-color":"","overlay-opacity":"","overlay-gradient":""},"tablet":{"background-color":"var(--ast-global-color-5)","background-image":"","background-repeat":"repeat","background-position":"center center","background-size":"auto","background-attachment":"scroll","background-type":"","background-media":"","overlay-type":"","overlay-color":"","overlay-opacity":"","overlay-gradient":""},"mobile":{"background-color":"var(--ast-global-color-5)","background-image":"","background-repeat":"repeat","background-position":"center center","background-size":"auto","background-attachment":"scroll","background-type":"","background-media":"","overlay-type":"","overlay-color":"","overlay-opacity":"","overlay-gradient":""}},"footnotes":""},"class_list":["post-434","page","type-page","status-publish","hentry"],"_links":{"self":[{"href":"https:\/\/irsipr.azurewebsites.net\/fundraisers\/wp-json\/wp\/v2\/pages\/434","targetHints":{"allow":["GET"]}}],"collection":[{"href":"https:\/\/irsipr.azurewebsites.net\/fundraisers\/wp-json\/wp\/v2\/pages"}],"about":[{"href":"https:\/\/irsipr.azurewebsites.net\/fundraisers\/wp-json\/wp\/v2\/types\/page"}],"author":[{"embeddable":true,"href":"https:\/\/irsipr.azurewebsites.net\/fundraisers\/wp-json\/wp\/v2\/users\/1"}],"replies":[{"embeddable":true,"href":"https:\/\/irsipr.azurewebsites.net\/fundraisers\/wp-json\/wp\/v2\/comments?post=434"}],"version-history":[{"count":2,"href":"https:\/\/irsipr.azurewebsites.net\/fundraisers\/wp-json\/wp\/v2\/pages\/434\/revisions"}],"predecessor-version":[{"id":552,"href":"https:\/\/irsipr.azurewebsites.net\/fundraisers\/wp-json\/wp\/v2\/pages\/434\/revisions\/552"}],"wp:attachment":[{"href":"https:\/\/irsipr.azurewebsites.net\/fundraisers\/wp-json\/wp\/v2\/media?parent=434"}],"curies":[{"name":"wp","href":"https:\/\/api.w.org\/{rel}","templated":true}]}}