{"id":113,"date":"2023-01-10T21:33:31","date_gmt":"2023-01-10T21:33:31","guid":{"rendered":"https:\/\/irsipr.azurewebsites.net\/fundraisers\/?page_id=113"},"modified":"2024-12-12T18:59:21","modified_gmt":"2024-12-12T18:59:21","slug":"seleccione-el-restaurante-para-su-actividadrmg","status":"publish","type":"page","link":"https:\/\/irsipr.azurewebsites.net\/fundraisers\/seleccione-el-restaurante-para-su-actividadrmg\/","title":{"rendered":"Seleccione el restaurante para su actividad:"},"content":{"rendered":"\n<figure class=\"wp-block-image aligncenter size-large is-resized\"><img loading=\"lazy\" decoding=\"async\" width=\"1024\" height=\"213\" src=\"\/wp-content\/uploads\/sites\/9\/2024\/11\/rmgfundlogo-1024x213.png\" alt=\"\" class=\"wp-image-358\" style=\"width:768px\" srcset=\"\/wp-content\/uploads\/sites\/9\/2024\/11\/rmgfundlogo-1024x213.png 1024w, \/wp-content\/uploads\/sites\/9\/2024\/11\/rmgfundlogo-300x63.png 300w, \/wp-content\/uploads\/sites\/9\/2024\/11\/rmgfundlogo-768x160.png 768w, \/wp-content\/uploads\/sites\/9\/2024\/11\/rmgfundlogo-1536x320.png 1536w, \/wp-content\/uploads\/sites\/9\/2024\/11\/rmgfundlogo-2048x427.png 2048w\" sizes=\"auto, (max-width: 1024px) 100vw, 1024px\" \/><\/figure>\n\n\n\n<h3 class=\"wp-block-heading has-text-align-center\"><strong><em>Al participar, su organizaci\u00f3n recibir\u00e1 una aportaci\u00f3n del 20% del subtotal de cada mesa que participe. *<\/em><\/strong><\/h3>\n\n\n\n<h3 class=\"wp-block-heading has-text-align-left\"><strong><em>Seleccione el restaurante para su actividad:<\/em><\/strong><\/h3>\n\n\n\n<ul class=\"wp-block-list\">\n<li><a href=\"https:\/\/irsipr.azurewebsites.net\/fundraisers\/rmg-catalinasn\/\" data-type=\"link\" data-id=\"https:\/\/irsipr.azurewebsites.net\/fundraisers\/rmg-catalinasn\/\">Caguas &#8211; Las Catalinas<\/a><\/li>\n\n\n\n<li><a href=\"https:\/\/irsipr.azurewebsites.net\/fundraisers\/rmg-mayaguezn\/\" data-type=\"link\" data-id=\"https:\/\/irsipr.azurewebsites.net\/fundraisers\/rmg-mayaguezn\/\">Mayag\u00fcez &#8211; Mayag\u00fcez Mall<\/a><\/li>\n\n\n\n<li><a href=\"https:\/\/irsipr.azurewebsites.net\/fundraisers\/rmg-ponce-2\/\" data-type=\"link\" data-id=\"https:\/\/irsipr.azurewebsites.net\/fundraisers\/rmg-ponce-2\/\">Ponce &#8211; Plaza Del Caribe<\/a><\/li>\n\n\n\n<li><a href=\"https:\/\/irsipr.azurewebsites.net\/fundraisers\/rmg-plazan\/\" data-type=\"link\" data-id=\"https:\/\/irsipr.azurewebsites.net\/fundraisers\/rmg-plazan\/\">San Juan &#8211; Plaza Las Am\u00e9ricas<\/a><\/li>\n\n\n\n<li><a href=\"https:\/\/irsipr.azurewebsites.net\/fundraisers\/rmg-montehiedran\/\" data-type=\"link\" data-id=\"https:\/\/irsipr.azurewebsites.net\/fundraisers\/rmg-montehiedran\/\">San Juan &#8211; The Outlets at Montehiedra<\/a><\/li>\n<\/ul>\n\n\n\n<p><em>*Sujeto a t\u00e9rminos y condiciones<\/em><\/p>\n","protected":false},"excerpt":{"rendered":"<p>Al participar, su organizaci\u00f3n recibir\u00e1 una aportaci\u00f3n del 20% del subtotal de cada mesa que participe. * Seleccione el restaurante para su actividad: *Sujeto a t\u00e9rminos y condiciones<\/p>\n","protected":false},"author":1,"featured_media":0,"parent":0,"menu_order":0,"comment_status":"closed","ping_status":"closed","template":"","meta":{"site-sidebar-layout":"default","site-content-layout":"","ast-site-content-layout":"default","site-content-style":"default","site-sidebar-style":"default","ast-global-header-display":"","ast-banner-title-visibility":"","ast-main-header-display":"","ast-hfb-above-header-display":"","ast-hfb-below-header-display":"","ast-hfb-mobile-header-display":"","site-post-title":"disabled","ast-breadcrumbs-content":"","ast-featured-img":"","footer-sml-layout":"","theme-transparent-header-meta":"","adv-header-id-meta":"","stick-header-meta":"","header-above-stick-meta":"","header-main-stick-meta":"","header-below-stick-meta":"","astra-migrate-meta-layouts":"set","ast-page-background-enabled":"default","ast-page-background-meta":{"desktop":{"background-color":"var(--ast-global-color-4)","background-image":"","background-repeat":"repeat","background-position":"center center","background-size":"auto","background-attachment":"scroll","background-type":"","background-media":"","overlay-type":"","overlay-color":"","overlay-opacity":"","overlay-gradient":""},"tablet":{"background-color":"","background-image":"","background-repeat":"repeat","background-position":"center center","background-size":"auto","background-attachment":"scroll","background-type":"","background-media":"","overlay-type":"","overlay-color":"","overlay-opacity":"","overlay-gradient":""},"mobile":{"background-color":"","background-image":"","background-repeat":"repeat","background-position":"center center","background-size":"auto","background-attachment":"scroll","background-type":"","background-media":"","overlay-type":"","overlay-color":"","overlay-opacity":"","overlay-gradient":""}},"ast-content-background-meta":{"desktop":{"background-color":"var(--ast-global-color-5)","background-image":"","background-repeat":"repeat","background-position":"center center","background-size":"auto","background-attachment":"scroll","background-type":"","background-media":"","overlay-type":"","overlay-color":"","overlay-opacity":"","overlay-gradient":""},"tablet":{"background-color":"var(--ast-global-color-5)","background-image":"","background-repeat":"repeat","background-position":"center center","background-size":"auto","background-attachment":"scroll","background-type":"","background-media":"","overlay-type":"","overlay-color":"","overlay-opacity":"","overlay-gradient":""},"mobile":{"background-color":"var(--ast-global-color-5)","background-image":"","background-repeat":"repeat","background-position":"center center","background-size":"auto","background-attachment":"scroll","background-type":"","background-media":"","overlay-type":"","overlay-color":"","overlay-opacity":"","overlay-gradient":""}},"footnotes":""},"class_list":["post-113","page","type-page","status-publish","hentry"],"_links":{"self":[{"href":"https:\/\/irsipr.azurewebsites.net\/fundraisers\/wp-json\/wp\/v2\/pages\/113","targetHints":{"allow":["GET"]}}],"collection":[{"href":"https:\/\/irsipr.azurewebsites.net\/fundraisers\/wp-json\/wp\/v2\/pages"}],"about":[{"href":"https:\/\/irsipr.azurewebsites.net\/fundraisers\/wp-json\/wp\/v2\/types\/page"}],"author":[{"embeddable":true,"href":"https:\/\/irsipr.azurewebsites.net\/fundraisers\/wp-json\/wp\/v2\/users\/1"}],"replies":[{"embeddable":true,"href":"https:\/\/irsipr.azurewebsites.net\/fundraisers\/wp-json\/wp\/v2\/comments?post=113"}],"version-history":[{"count":13,"href":"https:\/\/irsipr.azurewebsites.net\/fundraisers\/wp-json\/wp\/v2\/pages\/113\/revisions"}],"predecessor-version":[{"id":598,"href":"https:\/\/irsipr.azurewebsites.net\/fundraisers\/wp-json\/wp\/v2\/pages\/113\/revisions\/598"}],"wp:attachment":[{"href":"https:\/\/irsipr.azurewebsites.net\/fundraisers\/wp-json\/wp\/v2\/media?parent=113"}],"curies":[{"name":"wp","href":"https:\/\/api.w.org\/{rel}","templated":true}]}}